{"id":184,"date":"2020-08-25T09:17:35","date_gmt":"2020-08-25T09:17:35","guid":{"rendered":"https:\/\/demo2wpopal.b-cdn.net\/poco\/?page_id=184"},"modified":"2022-04-07T09:04:34","modified_gmt":"2022-04-07T06:04:34","slug":"kurumsal","status":"publish","type":"page","link":"https:\/\/ayyildizgida.com.tr\/index.php\/kurumsal\/","title":{"rendered":"Kurumsal"},"content":{"rendered":"<p><strong>1978 y\u0131l\u0131nda K\u0131r\u0131kkale\u2019de Ayy\u0131ld\u0131z Tuhafiye, Tekstil, Giyim ve Kuru bakliyat i\u015fi ile ba\u015flad\u0131k. 1992 y\u0131l\u0131nda \u015firketle\u015ferek kurumsalla\u015fmaya ad\u0131m att\u0131k.<\/strong><\/p>\n<p><strong>Ayy\u0131ld\u0131z, Mehmetler Pazarlama ve Z\u00fchre A.\u015e. \u015firketlerimizi s\u0131ras\u0131yla kurarak k\u0131sa zamanda \u015eirketler Grubu haline geldik.<\/strong><\/p>\n<p><strong>\u015eirketlerimizden Ayy\u0131ld\u0131z\u2019a ait Unlu Mam\u00fcller Ekmek f\u0131r\u0131nlar\u0131m\u0131z, Mehmetler Pazarlama firmam\u0131za ait Hayvanc\u0131l\u0131k, \u0130thalat \u0130hracat, Et Mam\u00fclleri al\u0131m sat\u0131m i\u015flerimiz ve Ayy\u0131ld\u0131z Grup \u015firketi b\u00fcnyesinde ise Z\u00fchre A.\u015e. Tu\u011fla ve Kiremit Fabrikas\u0131 ile bir\u00e7ok say\u0131s\u0131z projeye imza att\u0131k. Modernize etti\u011fimiz Ekmek F\u0131r\u0131nlar\u0131m\u0131z, B\u00fcy\u00fckba\u015f Hayvanc\u0131l\u0131k \u00c7iftli\u011fimiz ile Anadolu nun say\u0131l\u0131 \u00f6rnek Grup \u015eirketlerinden birine sahip olduk. 35 y\u0131ll\u0131k tecr\u00fcbemiz ile Anadolu nun ve K\u0131r\u0131kkale nin lider markas\u0131 olmay\u0131 ba\u015faran Ayy\u0131ld\u0131z, h\u0131zl\u0131 ad\u0131mlarla ba\u015far\u0131l\u0131 ve istikrarl\u0131 b\u00fcy\u00fcmeyi s\u00fcrd\u00fcrmektedir.<\/strong><\/p>\n<p><strong>T\u00fcm personelimiz sa\u011fl\u0131kl\u0131 ve g\u00fcvenli bir ortamda \u00e7al\u0131\u015fmaya lay\u0131kt\u0131r felsefesinden hareketle;<\/strong><\/p>\n<p><strong>&#8211;\u00a0\u00a0\u00a0\u00a0\u00a0\u00a0\u00a0\u00a0 \u00c7al\u0131\u015fanlar\u0131m\u0131za daha sa\u011fl\u0131kl\u0131 ve g\u00fcvenli bir i\u015f ortam\u0131 sa\u011flayabilmek i\u00e7in i\u015fletmenin tamam\u0131nda risk analiz \u00e7al\u0131\u015fmalar\u0131 yaparak riskleri en alt d\u00fczeye indirgemek,<\/strong><\/p>\n<p><strong>&#8211;\u00a0\u00a0\u00a0\u00a0\u00a0\u00a0\u00a0\u00a0 S\u00fcrekli iyile\u015ftirme geli\u015ftirme \u00e7al\u0131\u015fmalar\u0131 yapmak,<\/strong><\/p>\n<p><strong>&#8211;\u00a0\u00a0\u00a0\u00a0\u00a0\u00a0\u00a0\u00a0 T\u00fcm \u00e7al\u0131\u015fanlar\u0131n bireysel sorumluluklar\u0131n\u0131n fark\u0131nda olmalar\u0131n\u0131 sa\u011flamak amac\u0131yla e\u011fitimler vermek,<\/strong><\/p>\n<p><strong>&#8211;\u00a0\u00a0\u00a0\u00a0\u00a0\u00a0\u00a0\u00a0 \u0130\u015f Sa\u011fl\u0131\u011f\u0131 ve G\u00fcvenli\u011fi Mevzuatlar\u0131na ve ilgili yasalara g\u00f6re hareket etmek,<\/strong><\/p>\n<p><strong>Yukar\u0131daki madde esaslar\u0131na g\u00f6re \u00e7al\u0131\u015fmay\u0131 kendimize\u00a0esas bildik.<\/strong><\/p>\n<h2>Misyon Vizyon ve Kalite Politikam\u0131z<\/h2>\n<p>Misyonumuz;\u00a0M\u00fc\u015fterilerimizin farkl\u0131 ya\u015fam bi\u00e7imlerine ve kullan\u0131m al\u0131\u015fkanl\u0131klar\u0131na uygun, d\u00fcnya standartlar\u0131nda, insan ve \u00e7evre dostu \u00fcr\u00fcnleri ve hizmetleri\u00a0sunmakt\u0131r.<\/p>\n<p>Vizyonumuz; yenilik ve teknolojik geli\u015fmeleri takip ederek kaliteli \u00fcr\u00fcn ve hizmetleri m\u00fc\u015fterilere sunmak ve bu \u00e7\u0131tay\u0131 y\u00fckseltmek marka olma yolunda emin ad\u0131mlarla ilerlemek pazarda lider firma yap\u0131m\u0131z\u0131 korumak ve yapt\u0131\u011f\u0131m\u0131z yat\u0131r\u0131mlarla i\u015fg\u00fcc\u00fc anlam\u0131nda geni\u015f istihdam avantajlar\u0131 yaratarak \u00dclke ekonomisine destek olmakt\u0131r.<\/p>\n<p>Kalite Politikam\u0131z<\/p>\n<p>Ulusal ve Ulusaras\u0131 rekabet ortam\u0131nda, m\u00fc\u015fteri isteklerinin kar\u015f\u0131lanmas\u0131nda \u00fcr\u00fcn\u00fcn ve hizmetlerin sadece ekonomik olmas\u0131 de\u011fil, ayn\u0131 zamanda kaliteli, g\u00fcvenilir olmas\u0131 ve zaman\u0131nda kar\u015f\u0131lanmas\u0131 da \u00f6nemli rol oynamaktad\u0131r diye d\u00fc\u015f\u00fcnerek Y\u0131llard\u0131r Kamu Kurumlar\u0131 ve \u00d6zel sekt\u00f6r ile bu politikay\u0131 birlikte y\u00fcr\u00fctmekteyiz.<\/p>\n","protected":false},"excerpt":{"rendered":"<p>1978 y\u0131l\u0131nda K\u0131r\u0131kkale\u2019de Ayy\u0131ld\u0131z Tuhafiye, Tekstil, Giyim ve Kuru bakliyat i\u015fi ile ba\u015flad\u0131k. 1992 y\u0131l\u0131nda \u015firketle\u015ferek kurumsalla\u015fmaya ad\u0131m att\u0131k. Ayy\u0131ld\u0131z,<\/p>\n","protected":false},"author":1,"featured_media":0,"parent":0,"menu_order":0,"comment_status":"closed","ping_status":"closed","template":"","meta":[],"_links":{"self":[{"href":"https:\/\/ayyildizgida.com.tr\/index.php\/wp-json\/wp\/v2\/pages\/184"}],"collection":[{"href":"https:\/\/ayyildizgida.com.tr\/index.php\/wp-json\/wp\/v2\/pages"}],"about":[{"href":"https:\/\/ayyildizgida.com.tr\/index.php\/wp-json\/wp\/v2\/types\/page"}],"author":[{"embeddable":true,"href":"https:\/\/ayyildizgida.com.tr\/index.php\/wp-json\/wp\/v2\/users\/1"}],"replies":[{"embeddable":true,"href":"https:\/\/ayyildizgida.com.tr\/index.php\/wp-json\/wp\/v2\/comments?post=184"}],"version-history":[{"count":22,"href":"https:\/\/ayyildizgida.com.tr\/index.php\/wp-json\/wp\/v2\/pages\/184\/revisions"}],"predecessor-version":[{"id":8191,"href":"https:\/\/ayyildizgida.com.tr\/index.php\/wp-json\/wp\/v2\/pages\/184\/revisions\/8191"}],"wp:attachment":[{"href":"https:\/\/ayyildizgida.com.tr\/index.php\/wp-json\/wp\/v2\/media?parent=184"}],"curies":[{"name":"wp","href":"https:\/\/api.w.org\/{rel}","templated":true}]}}