{"id":212,"date":"2020-08-25T13:59:24","date_gmt":"2020-08-25T13:59:24","guid":{"rendered":"https:\/\/demo2wpopal.b-cdn.net\/poco\/?page_id=212"},"modified":"2022-03-16T13:32:43","modified_gmt":"2022-03-16T10:32:43","slug":"iletisim","status":"publish","type":"page","link":"https:\/\/ayyildizgida.com.tr\/index.php\/iletisim\/","title":{"rendered":"\u0130leti\u015fim"},"content":{"rendered":"<h3>\u0130leti\u015fim Bilgilerimiz<\/h3>\n<p>Merkez : Yeni Do\u011fan Mah. Millet Caddesi No:135 K\u0131r\u0131kkale Tel: +90 318 2184749<\/p>\n<p>\u015eube1 : H\u00fcseyin kahya Mah. Barbaros Hayrettin Cad. 615. Sok. No:2 K\u0131r\u0131kkale Tel: +90 318 2254647<\/p>\n<p>\u015eube2: Yeni Do\u011fan Mah. Osman Tiryaki Cad. No:7\/B K\u0131r\u0131kkale Tel: +90 318 2181417<\/p>\n<p>Mehmetler Pazarlama Merkez: Yeni Do\u011fan Mah. Millet Cad. No: 135\/2 K\u0131r\u0131kkale Tel: +90 318 2184749<\/p>\n<p>Mehmetler Pazarlama \u00c7iftlik: \u00c7ullu Mah. \u015eehit Ali Altuner Cad. No:30 \u00c7ullu K\u0131r\u0131kkale<\/p>\n<p><iframe src=\"https:\/\/www.google.com\/maps\/embed?pb=!1m14!1m8!1m3!1d12254.131279882036!2d33.507954!3d39.839891!3m2!1i1024!2i768!4f13.1!3m3!1m2!1s0x0%3A0x814742a0f87e20a8!2zQXl5xLFsZMSxeiBHxLFkYQ!5e0!3m2!1str!2str!4v1647426725004!5m2!1str!2str\" width=\"100%\" height=\"400\" style=\"border:0;\" allowfullscreen=\"\" loading=\"lazy\"><\/iframe><\/p>\n","protected":false},"excerpt":{"rendered":"<p>\u0130leti\u015fim Bilgilerimiz Merkez : Yeni Do\u011fan Mah. Millet Caddesi No:135 K\u0131r\u0131kkale Tel: +90 318 2184749 \u015eube1 : H\u00fcseyin kahya Mah.<\/p>\n","protected":false},"author":1,"featured_media":0,"parent":0,"menu_order":0,"comment_status":"closed","ping_status":"closed","template":"","meta":[],"_links":{"self":[{"href":"https:\/\/ayyildizgida.com.tr\/index.php\/wp-json\/wp\/v2\/pages\/212"}],"collection":[{"href":"https:\/\/ayyildizgida.com.tr\/index.php\/wp-json\/wp\/v2\/pages"}],"about":[{"href":"https:\/\/ayyildizgida.com.tr\/index.php\/wp-json\/wp\/v2\/types\/page"}],"author":[{"embeddable":true,"href":"https:\/\/ayyildizgida.com.tr\/index.php\/wp-json\/wp\/v2\/users\/1"}],"replies":[{"embeddable":true,"href":"https:\/\/ayyildizgida.com.tr\/index.php\/wp-json\/wp\/v2\/comments?post=212"}],"version-history":[{"count":14,"href":"https:\/\/ayyildizgida.com.tr\/index.php\/wp-json\/wp\/v2\/pages\/212\/revisions"}],"predecessor-version":[{"id":8095,"href":"https:\/\/ayyildizgida.com.tr\/index.php\/wp-json\/wp\/v2\/pages\/212\/revisions\/8095"}],"wp:attachment":[{"href":"https:\/\/ayyildizgida.com.tr\/index.php\/wp-json\/wp\/v2\/media?parent=212"}],"curies":[{"name":"wp","href":"https:\/\/api.w.org\/{rel}","templated":true}]}}